{"id":25,"date":"2019-03-15T11:05:46","date_gmt":"2019-03-15T11:05:46","guid":{"rendered":"http:\/\/mudhini.de\/?page_id=25"},"modified":"2023-04-02T07:55:11","modified_gmt":"2023-04-02T07:55:11","slug":"ueber-mich","status":"publish","type":"page","link":"https:\/\/mudhini.de\/?page_id=25","title":{"rendered":"\u00dcber mich"},"content":{"rendered":"\n<p>Ich hei\u00dfe Ulrike  und will mich hier einmal kurz vorstellen.<\/p>\n\n\n\n<p><br>Ich wohne in Bielefeld (doch das gibt es &#x1f609;) und arbeite in der Verwaltung.<\/p>\n\n\n\n<p>Nach der Arbeit tausche ich mein B\u00fcro gegen mein N\u00e4hzimmer und fertige dort in liebevoller Handarbeit  Ledertaschen und kleine n\u00fctzliche Accessoires aus ausrangierter Lederkleidung.<\/p>\n\n\n\n<p>So haben die ungeliebten St\u00fccke eine Chance auf ein neues, besseres Leben und es entstehen einzigartige, nachhaltige Taschen aus einem wunderbaren Material, das sonst im M\u00fcll landen w\u00fcrde.<\/p>\n\n\n\n<p><\/p>\n\n\n\n<p><br><\/p>\n","protected":false},"excerpt":{"rendered":"<p>Ich hei\u00dfe Ulrike und will mich hier einmal kurz vorstellen. Ich wohne in Bielefeld (doch das gibt es &#x1f609;) und arbeite in der Verwaltung. Nach der Arbeit tausche ich mein B\u00fcro gegen mein N\u00e4hzimmer und fertige dort in liebevoller Handarbeit Ledertaschen und kleine n\u00fctzliche Accessoires aus ausrangierter Lederkleidung. So haben die ungeliebten St\u00fccke eine Chance auf ein neues, besseres Leben und es entstehen einzigartige, nachhaltige Taschen aus einem wunderbaren Material, das sonst im M\u00fcll landen w\u00fcrde.<\/p>\n","protected":false},"author":1,"featured_media":0,"parent":0,"menu_order":0,"comment_status":"closed","ping_status":"closed","template":"","meta":[],"_links":{"self":[{"href":"https:\/\/mudhini.de\/index.php?rest_route=\/wp\/v2\/pages\/25"}],"collection":[{"href":"https:\/\/mudhini.de\/index.php?rest_route=\/wp\/v2\/pages"}],"about":[{"href":"https:\/\/mudhini.de\/index.php?rest_route=\/wp\/v2\/types\/page"}],"author":[{"embeddable":true,"href":"https:\/\/mudhini.de\/index.php?rest_route=\/wp\/v2\/users\/1"}],"replies":[{"embeddable":true,"href":"https:\/\/mudhini.de\/index.php?rest_route=%2Fwp%2Fv2%2Fcomments&post=25"}],"version-history":[{"count":2,"href":"https:\/\/mudhini.de\/index.php?rest_route=\/wp\/v2\/pages\/25\/revisions"}],"predecessor-version":[{"id":2415,"href":"https:\/\/mudhini.de\/index.php?rest_route=\/wp\/v2\/pages\/25\/revisions\/2415"}],"wp:attachment":[{"href":"https:\/\/mudhini.de\/index.php?rest_route=%2Fwp%2Fv2%2Fmedia&parent=25"}],"curies":[{"name":"wp","href":"https:\/\/api.w.org\/{rel}","templated":true}]}}