{"id":30,"date":"2019-03-15T11:10:21","date_gmt":"2019-03-15T11:10:21","guid":{"rendered":"http:\/\/mudhini.de\/?page_id=30"},"modified":"2019-03-15T17:15:12","modified_gmt":"2019-03-15T17:15:12","slug":"impressum","status":"publish","type":"page","link":"https:\/\/mudhini.de\/?page_id=30","title":{"rendered":"Impressum"},"content":{"rendered":"\n<h3 class=\"wp-block-heading\">Seiteninhaber<\/h3>\n\n\n\n<p>Ulrike Volkmer<br> -Einzelunternehmen-<br> Kinzigweg 10a<br> 33689 Bielefeld<\/p>\n\n\n\n<h3 class=\"wp-block-heading\">Kontakt<\/h3>\n\n\n\n<p>e-Mail: ulrike@mudhini.de<br> Telefon: <g class=\"gr_ gr_4 gr-alert gr_spell gr_inline_cards gr_run_anim ContextualSpelling\" id=\"4\" data-gr-id=\"4\">auf<\/g> Anfrage<\/p>\n\n\n\n<h3 class=\"wp-block-heading\">Haftung<\/h3>\n\n\n\n<p><em>Inhaltlich Verantwortlicher gem\u00e4\u00df \u00a7 6 MDStV:<\/em><br> Tobias Volkmer, Ulrike Volkmer<\/p>\n\n\n\n<p><em>Haftungshinweis:<\/em><br>\nTrotz sorgf\u00e4ltiger inhaltlicher Kontrolle \u00fcbernehmen wir keine Haftung \nf\u00fcr die Inhalte externer Links. F\u00fcr den Inhalt der verlinkten Seiten \nsind ausschlie\u00dflich deren Betreiber verantwortlich.<\/p>\n","protected":false},"excerpt":{"rendered":"<p>Seiteninhaber Ulrike Volkmer -Einzelunternehmen- Kinzigweg 10a 33689 Bielefeld Kontakt e-Mail: ulrike@mudhini.de Telefon: auf Anfrage Haftung Inhaltlich Verantwortlicher gem\u00e4\u00df \u00a7 6 MDStV: Tobias Volkmer, Ulrike Volkmer Haftungshinweis: Trotz sorgf\u00e4ltiger inhaltlicher Kontrolle \u00fcbernehmen wir keine Haftung f\u00fcr die Inhalte externer Links. F\u00fcr den Inhalt der verlinkten Seiten sind ausschlie\u00dflich deren Betreiber verantwortlich.<\/p>\n","protected":false},"author":1,"featured_media":0,"parent":0,"menu_order":0,"comment_status":"closed","ping_status":"closed","template":"","meta":[],"_links":{"self":[{"href":"https:\/\/mudhini.de\/index.php?rest_route=\/wp\/v2\/pages\/30"}],"collection":[{"href":"https:\/\/mudhini.de\/index.php?rest_route=\/wp\/v2\/pages"}],"about":[{"href":"https:\/\/mudhini.de\/index.php?rest_route=\/wp\/v2\/types\/page"}],"author":[{"embeddable":true,"href":"https:\/\/mudhini.de\/index.php?rest_route=\/wp\/v2\/users\/1"}],"replies":[{"embeddable":true,"href":"https:\/\/mudhini.de\/index.php?rest_route=%2Fwp%2Fv2%2Fcomments&post=30"}],"version-history":[{"count":2,"href":"https:\/\/mudhini.de\/index.php?rest_route=\/wp\/v2\/pages\/30\/revisions"}],"predecessor-version":[{"id":123,"href":"https:\/\/mudhini.de\/index.php?rest_route=\/wp\/v2\/pages\/30\/revisions\/123"}],"wp:attachment":[{"href":"https:\/\/mudhini.de\/index.php?rest_route=%2Fwp%2Fv2%2Fmedia&parent=30"}],"curies":[{"name":"wp","href":"https:\/\/api.w.org\/{rel}","templated":true}]}}